{"id":8,"date":"2021-10-19T17:03:52","date_gmt":"2021-10-19T17:03:52","guid":{"rendered":"https:\/\/listinghive.hivepress.io\/?page_id=8"},"modified":"2024-09-13T09:08:07","modified_gmt":"2024-09-13T07:08:07","slug":"home","status":"publish","type":"page","link":"https:\/\/bazafirm.grupar3.pl\/","title":{"rendered":"Home"},"content":{"rendered":"\n<h1 class=\"wp-block-heading has-text-align-center\">Znajd\u017a firmi\u0119, kt\u00f3rej potrzebujesz.<\/h1>\n\n\n\n<p class=\"has-text-align-center has-medium-font-size\">Twoja baza firm R3<\/p>\n\n\n\n<!--more-->\n<!--noteaser-->\n\n\n <form class=\"hp-form--wide hp-form--primary hp-block hp-form hp-form--listing-search\" action=\"https:\/\/bazafirm.grupar3.pl\" method=\"GET\" data-component=\"form\"><div class=\"hp-form__messages\" data-component=\"messages\"><\/div><div class=\"hp-form__fields\"><input type=\"hidden\" name=\"post_type\" value=\"hp_listing\" class=\"hp-field hp-field--hidden\"><select name=\"_category\" class=\"hp-field hp-field--hidden\"><option value=\"\">Wszystkie kategorie<\/option><option value=\"76\">Architektura<\/option><option value=\"78\">Auto Detailing<\/option><option value=\"86\">Barber<\/option><option value=\"93\">BHP<\/option><option value=\"52\">Centrum psychoterapii<\/option><option value=\"54\">Centrum rozwoju osobistego<\/option><option value=\"104\">Cnc<\/option><option value=\"105\">Dentysta<\/option><option value=\"98\">Domki letniskowe<\/option><option value=\"88\">Firma brukarska<\/option><option value=\"36\">Firma budowlana<\/option><option value=\"82\">Firma Dekarska<\/option><option value=\"37\">Firma elektryczna<\/option><option value=\"44\">Firma gastronomiczna \/ cateringowa<\/option><option value=\"95\">Firma glazurnicza<\/option><option value=\"38\">Firma hydrauliczna<\/option><option value=\"39\">Firma informatyczna<\/option><option value=\"43\">Firma konsultingowa<\/option><option value=\"45\">Firma ksi\u0119gowa<\/option><option value=\"47\">Firma logistyczna<\/option><option value=\"48\">Firma ochroniarska<\/option><option value=\"85\">Firma ogrodzeniowa<\/option><option value=\"42\">Firma reklamowa \/ marketingowa<\/option><option value=\"49\">Firma remontowa<\/option><option value=\"41\">Firma sprz\u0105taj\u0105ca<\/option><option value=\"40\">Firma transportowa<\/option><option value=\"46\">Firma ubezpieczeniowa<\/option><option value=\"84\">Fotowoltaika<\/option><option value=\"51\">Gabinet psychiatryczny<\/option><option value=\"50\">Gabinet psychologiczny<\/option><option value=\"79\">Handel<\/option><option value=\"75\">Masa\u017c<\/option><option value=\"92\">Naprawa maszyn gastronomicznych<\/option><option value=\"99\">Nieruchomo\u015bci<\/option><option value=\"89\">Obr\u00f3bka metali<\/option><option value=\"101\">Ocieplanie<\/option><option value=\"90\">Odzie\u017c U\u017cywana<\/option><option value=\"80\">Ogrody zimowe<\/option><option value=\"96\">Ogrzewanie i klimatyzacja<\/option><option value=\"73\">Plac\u00f3wka opieku\u0144czo-wychowawcza<\/option><option value=\"53\">Poradnia zdrowia psychicznego<\/option><option value=\"77\">Projektowanie ogrod\u00f3w<\/option><option value=\"103\">Projektowanie stoisk targowych<\/option><option value=\"87\">Radca prawny<\/option><option value=\"100\">Recykling surowc\u00f3w wt\u00f3rnych<\/option><option value=\"74\">Sklep internetowy<\/option><option value=\"102\">sprzeda\u017c Tui<\/option><option value=\"94\">Szalunki<\/option><option value=\"91\">Szko\u0142a j\u0119zyk\u00f3w obcych<\/option><option value=\"81\">Wynajem kontener\u00f3w<\/option><option value=\"97\">Zabudowy i najazdy do autolawet<\/option><option value=\"83\">\u017b\u0142obek<\/option><\/select><div class=\"hp-form__field hp-form__field--search\"><input type=\"search\" name=\"s\" value=\"\" placeholder=\"S\u0142owa kluczowe\" maxlength=\"256\" class=\"hp-field hp-field--search\"><\/div><\/div><div class=\"hp-form__footer\"><button type=\"submit\" class=\"hp-form__button button-primary alt button hp-field hp-field--submit\"><span>Szukaj<\/span><\/button><\/div><\/form>\n\n\n<div style=\"height:1px\" aria-hidden=\"true\" class=\"wp-block-spacer\"><\/div>\n\n\n\n<h2 class=\"wp-block-heading has-text-align-center content-title\">Firmy<\/h2>\n\n\n <div class=\"hp-listings hp-block hp-grid\"><div class=\"hp-row\"><div class=\"hp-grid__item hp-col-sm-4 hp-col-xs-12\"><article class=\"hp-listing hp-listing--view-block\"><header class=\"hp-listing__header\"><div class=\"hp-listing__image\" data-component=\"carousel-slider\" data-preview=\"false\" data-aspect-ratio=\"\" data-url=\"https:\/\/bazafirm.grupar3.pl\/?hp_listing=oladental\">\n\t\t\t<a href=\"https:\/\/bazafirm.grupar3.pl\/?hp_listing=oladental\">\n\t\t\t\t\t\t\t<img decoding=\"async\" src=\"https:\/\/bazafirm.grupar3.pl\/wp-content\/uploads\/2024\/11\/Group-1000003576-1.png\" alt=\"Oladental\" loading=\"lazy\">\n\t\t\t\t\t<\/a>\n\t<\/div>\n<\/header><div class=\"hp-listing__content\">\t<div class=\"hp-listing__categories hp-listing__category\">\n\t\t\t\t\t<a href=\"https:\/\/bazafirm.grupar3.pl\/?hp_listing_category=dentysta\">Dentysta<\/a>\n\t\t\t<\/div>\n\t<h4 class=\"hp-listing__title\"><a href=\"https:\/\/bazafirm.grupar3.pl\/?hp_listing=oladental\">Oladental<\/a>\n<\/h4><div class=\"hp-listing__details hp-listing__details--primary\"><time class=\"hp-listing__created-date hp-listing__date hp-meta\" datetime=\"2024-11-21 15:52:28\">\n\tDodane 2024-11-21<\/time>\n<\/div><div class=\"hp-block hp-listing__attributes hp-listing__attributes--secondary\"><div class=\"hp-row\"><div class=\"hp-col-lg-6 hp-col-xs-12\"><div class=\"hp-listing__attribute hp-listing__attribute--wojewodztwo-woj\"><b>woj:<\/b> Kujawsko-Pomorskie<\/div><\/div><div class=\"hp-col-lg-6 hp-col-xs-12\"><div class=\"hp-listing__attribute hp-listing__attribute--miasto-miejscowosc\"><b>m:<\/b> Bydgoszcz<\/div><\/div><div class=\"hp-col-lg-6 hp-col-xs-12\"><div class=\"hp-listing__attribute hp-listing__attribute--dokladny-adres\"><b>ul: <\/b> Inowroc\u0142awska 58<\/div><\/div><div class=\"hp-col-lg-6 hp-col-xs-12\"><div class=\"hp-listing__attribute hp-listing__attribute--powiat\"><b>pow: <\/b> Bydgoszcz<\/div><\/div><\/div><\/div><\/div><footer class=\"hp-listing__footer\"><div class=\"hp-block hp-listing__attributes hp-listing__attributes--primary\"><div class=\"hp-listing__attribute hp-listing__attribute--telefon\"><i class=\"hp-icon fas fa-fw fa-phone-alt\"><\/i> <span data-component=\"phone\">+48509258642<\/span><\/div><\/div><div class=\"hp-listing__actions hp-listing__actions--primary\"><\/div><\/footer><\/article><\/div><div class=\"hp-grid__item hp-col-sm-4 hp-col-xs-12\"><article class=\"hp-listing hp-listing--view-block hp-listing--verified\"><header class=\"hp-listing__header\"><div class=\"hp-listing__image\" data-component=\"carousel-slider\" data-preview=\"false\" data-aspect-ratio=\"\" data-url=\"https:\/\/bazafirm.grupar3.pl\/?hp_listing=aluprem-olczak\">\n\t\t\t<a href=\"https:\/\/bazafirm.grupar3.pl\/?hp_listing=aluprem-olczak\">\n\t\t\t\t\t\t\t<img decoding=\"async\" src=\"https:\/\/bazafirm.grupar3.pl\/wp-content\/uploads\/2024\/11\/alupremBlack-400x144.png\" alt=\"Aluprem Olczak\" loading=\"lazy\">\n\t\t\t\t\t<\/a>\n\t<\/div>\n<\/header><div class=\"hp-listing__content\">\t<div class=\"hp-listing__categories hp-listing__category\">\n\t\t\t\t\t<a href=\"https:\/\/bazafirm.grupar3.pl\/?hp_listing_category=firma-ogrodzeniowa\">Firma ogrodzeniowa<\/a>\n\t\t\t<\/div>\n\t<h4 class=\"hp-listing__title\"><a href=\"https:\/\/bazafirm.grupar3.pl\/?hp_listing=aluprem-olczak\">Aluprem Olczak<\/a>\n\t<i class=\"hp-listing__verified-badge hp-listing__verified hp-icon fas fa-check-circle\" title=\"Zweryfikowano\"><\/i>\n\t<\/h4><div class=\"hp-listing__details hp-listing__details--primary\"><time class=\"hp-listing__created-date hp-listing__date hp-meta\" datetime=\"2024-11-21 15:34:19\">\n\tDodane 2024-11-21<\/time>\n<\/div><div class=\"hp-block hp-listing__attributes hp-listing__attributes--secondary\"><div class=\"hp-row\"><div class=\"hp-col-lg-6 hp-col-xs-12\"><div class=\"hp-listing__attribute hp-listing__attribute--wojewodztwo-woj\"><b>woj:<\/b> Wielkopolskie<\/div><\/div><div class=\"hp-col-lg-6 hp-col-xs-12\"><div class=\"hp-listing__attribute hp-listing__attribute--miasto-miejscowosc\"><b>m:<\/b> Posada<\/div><\/div><div class=\"hp-col-lg-6 hp-col-xs-12\"><div class=\"hp-listing__attribute hp-listing__attribute--dokladny-adres\"><b>ul: <\/b> Kasprowicza 25<\/div><\/div><div class=\"hp-col-lg-6 hp-col-xs-12\"><div class=\"hp-listing__attribute hp-listing__attribute--powiat\"><b>pow: <\/b> Koni\u0144ski<\/div><\/div><\/div><\/div><\/div><footer class=\"hp-listing__footer\"><div class=\"hp-block hp-listing__attributes hp-listing__attributes--primary\"><div class=\"hp-listing__attribute hp-listing__attribute--telefon\"><i class=\"hp-icon fas fa-fw fa-phone-alt\"><\/i> <span data-component=\"phone\">+48886298248<\/span><\/div><div class=\"hp-listing__attribute hp-listing__attribute--nip\">NIP: 6651574544<\/div><\/div><div class=\"hp-listing__actions hp-listing__actions--primary\"><\/div><\/footer><\/article><\/div><div class=\"hp-grid__item hp-col-sm-4 hp-col-xs-12\"><article class=\"hp-listing hp-listing--view-block\"><header class=\"hp-listing__header\"><div class=\"hp-listing__image\" data-component=\"carousel-slider\" data-preview=\"false\" data-aspect-ratio=\"\" data-url=\"https:\/\/bazafirm.grupar3.pl\/?hp_listing=dwojak\">\n\t\t\t<a href=\"https:\/\/bazafirm.grupar3.pl\/?hp_listing=dwojak\">\n\t\t\t\t\t\t\t<img decoding=\"async\" src=\"https:\/\/bazafirm.grupar3.pl\/wp-content\/uploads\/2024\/11\/DwojakS-400x300.png\" alt=\"Dwojak\" loading=\"lazy\">\n\t\t\t\t\t<\/a>\n\t<\/div>\n<\/header><div class=\"hp-listing__content\">\t<div class=\"hp-listing__categories hp-listing__category\">\n\t\t\t\t\t<a href=\"https:\/\/bazafirm.grupar3.pl\/?hp_listing_category=cnc\">Cnc<\/a>\n\t\t\t<\/div>\n\t<h4 class=\"hp-listing__title\"><a href=\"https:\/\/bazafirm.grupar3.pl\/?hp_listing=dwojak\">Dwojak<\/a>\n<\/h4><div class=\"hp-listing__details hp-listing__details--primary\"><time class=\"hp-listing__created-date hp-listing__date hp-meta\" datetime=\"2024-11-21 15:16:17\">\n\tDodane 2024-11-21<\/time>\n<\/div><div class=\"hp-block hp-listing__attributes hp-listing__attributes--secondary\"><div class=\"hp-row\"><div class=\"hp-col-lg-6 hp-col-xs-12\"><div class=\"hp-listing__attribute hp-listing__attribute--wojewodztwo-woj\"><b>woj:<\/b> Wielkopolskie<\/div><\/div><div class=\"hp-col-lg-6 hp-col-xs-12\"><div class=\"hp-listing__attribute hp-listing__attribute--miasto-miejscowosc\"><b>m:<\/b> Konin<\/div><\/div><div class=\"hp-col-lg-6 hp-col-xs-12\"><div class=\"hp-listing__attribute hp-listing__attribute--powiat\"><b>pow: <\/b> Koni\u0144ski<\/div><\/div><\/div><\/div><\/div><footer class=\"hp-listing__footer\"><div class=\"hp-block hp-listing__attributes hp-listing__attributes--primary\"><div class=\"hp-listing__attribute hp-listing__attribute--telefon\"><i class=\"hp-icon fas fa-fw fa-phone-alt\"><\/i> <span data-component=\"phone\">+48796421306<\/span><\/div><\/div><div class=\"hp-listing__actions hp-listing__actions--primary\"><\/div><\/footer><\/article><\/div><div class=\"hp-grid__item hp-col-sm-4 hp-col-xs-12\"><article class=\"hp-listing hp-listing--view-block hp-listing--verified\"><header class=\"hp-listing__header\"><div class=\"hp-listing__image\" data-component=\"carousel-slider\" data-preview=\"false\" data-aspect-ratio=\"\" data-url=\"https:\/\/bazafirm.grupar3.pl\/?hp_listing=barber-shop-ole\">\n\t\t\t<a href=\"https:\/\/bazafirm.grupar3.pl\/?hp_listing=barber-shop-ole\">\n\t\t\t\t\t\t\t<img decoding=\"async\" src=\"https:\/\/bazafirm.grupar3.pl\/wp-content\/uploads\/2024\/09\/barber-shop-ole-300x300-1.png\" alt=\"Barber Shop Ole!\" loading=\"lazy\">\n\t\t\t\t\t<\/a>\n\t<\/div>\n<\/header><div class=\"hp-listing__content\">\t<div class=\"hp-listing__categories hp-listing__category\">\n\t\t\t\t\t<a href=\"https:\/\/bazafirm.grupar3.pl\/?hp_listing_category=barber\">Barber<\/a>\n\t\t\t<\/div>\n\t<h4 class=\"hp-listing__title\"><a href=\"https:\/\/bazafirm.grupar3.pl\/?hp_listing=barber-shop-ole\">Barber Shop Ole!<\/a>\n\t<i class=\"hp-listing__verified-badge hp-listing__verified hp-icon fas fa-check-circle\" title=\"Zweryfikowano\"><\/i>\n\t<\/h4><div class=\"hp-listing__details hp-listing__details--primary\"><time class=\"hp-listing__created-date hp-listing__date hp-meta\" datetime=\"2024-09-13 12:25:54\">\n\tDodane 2024-09-13<\/time>\n<\/div><div class=\"hp-block hp-listing__attributes hp-listing__attributes--secondary\"><div class=\"hp-row\"><div class=\"hp-col-lg-6 hp-col-xs-12\"><div class=\"hp-listing__attribute hp-listing__attribute--wojewodztwo-woj\"><b>woj:<\/b> Wielkopolskie<\/div><\/div><div class=\"hp-col-lg-6 hp-col-xs-12\"><div class=\"hp-listing__attribute hp-listing__attribute--miasto-miejscowosc\"><b>m:<\/b> Konin<\/div><\/div><div class=\"hp-col-lg-6 hp-col-xs-12\"><div class=\"hp-listing__attribute hp-listing__attribute--dokladny-adres\"><b>ul: <\/b> Aleje 1 Maja 2<\/div><\/div><div class=\"hp-col-lg-6 hp-col-xs-12\"><div class=\"hp-listing__attribute hp-listing__attribute--powiat\"><b>pow: <\/b> Koni\u0144ski<\/div><\/div><\/div><\/div><\/div><footer class=\"hp-listing__footer\"><div class=\"hp-block hp-listing__attributes hp-listing__attributes--primary\"><div class=\"hp-listing__attribute hp-listing__attribute--telefon\"><i class=\"hp-icon fas fa-fw fa-phone-alt\"><\/i> <span data-component=\"phone\">+48780227999<\/span><\/div><div class=\"hp-listing__attribute hp-listing__attribute--nip\">NIP: 9561990861<\/div><\/div><div class=\"hp-listing__actions hp-listing__actions--primary\"><\/div><\/footer><\/article><\/div><div class=\"hp-grid__item hp-col-sm-4 hp-col-xs-12\"><article class=\"hp-listing hp-listing--view-block hp-listing--verified\"><header class=\"hp-listing__header\"><div class=\"hp-listing__image\" data-component=\"carousel-slider\" data-preview=\"false\" data-aspect-ratio=\"\" data-url=\"https:\/\/bazafirm.grupar3.pl\/?hp_listing=szkolka-stasikowski\">\n\t\t\t<a href=\"https:\/\/bazafirm.grupar3.pl\/?hp_listing=szkolka-stasikowski\">\n\t\t\t\t\t\t\t<img decoding=\"async\" src=\"https:\/\/bazafirm.grupar3.pl\/wp-content\/uploads\/2024\/09\/stasikowski-400x300.png\" alt=\"Szk\u00f3\u0142ka Stasikowski\" loading=\"lazy\">\n\t\t\t\t\t<\/a>\n\t<\/div>\n<\/header><div class=\"hp-listing__content\">\t<div class=\"hp-listing__categories hp-listing__category\">\n\t\t\t\t\t<a href=\"https:\/\/bazafirm.grupar3.pl\/?hp_listing_category=sprzedaz-tui\">sprzeda\u017c Tui<\/a>\n\t\t\t<\/div>\n\t<h4 class=\"hp-listing__title\"><a href=\"https:\/\/bazafirm.grupar3.pl\/?hp_listing=szkolka-stasikowski\">Szk\u00f3\u0142ka Stasikowski<\/a>\n\t<i class=\"hp-listing__verified-badge hp-listing__verified hp-icon fas fa-check-circle\" title=\"Zweryfikowano\"><\/i>\n\t<\/h4><div class=\"hp-listing__details hp-listing__details--primary\"><time class=\"hp-listing__created-date hp-listing__date hp-meta\" datetime=\"2024-09-13 12:01:14\">\n\tDodane 2024-09-13<\/time>\n<\/div><div class=\"hp-block hp-listing__attributes hp-listing__attributes--secondary\"><div class=\"hp-row\"><div class=\"hp-col-lg-6 hp-col-xs-12\"><div class=\"hp-listing__attribute hp-listing__attribute--wojewodztwo-woj\"><b>woj:<\/b> Wielkopolskie<\/div><\/div><div class=\"hp-col-lg-6 hp-col-xs-12\"><div class=\"hp-listing__attribute hp-listing__attribute--miasto-miejscowosc\"><b>m:<\/b> Zag\u00f3r\u00f3w<\/div><\/div><div class=\"hp-col-lg-6 hp-col-xs-12\"><div class=\"hp-listing__attribute hp-listing__attribute--dokladny-adres\"><b>ul: <\/b> \u0141azi\u0144sk Pierwszy 29<\/div><\/div><div class=\"hp-col-lg-6 hp-col-xs-12\"><div class=\"hp-listing__attribute hp-listing__attribute--powiat\"><b>pow: <\/b> S\u0142upecki<\/div><\/div><\/div><\/div><\/div><footer class=\"hp-listing__footer\"><div class=\"hp-block hp-listing__attributes hp-listing__attributes--primary\"><div class=\"hp-listing__attribute hp-listing__attribute--telefon\"><i class=\"hp-icon fas fa-fw fa-phone-alt\"><\/i> <span data-component=\"phone\">+48724586287<\/span><\/div><div class=\"hp-listing__attribute hp-listing__attribute--nip\">NIP: 6652650514<\/div><\/div><div class=\"hp-listing__actions hp-listing__actions--primary\"><\/div><\/footer><\/article><\/div><div class=\"hp-grid__item hp-col-sm-4 hp-col-xs-12\"><article class=\"hp-listing hp-listing--view-block hp-listing--verified\"><header class=\"hp-listing__header\"><div class=\"hp-listing__image\" data-component=\"carousel-slider\" data-preview=\"false\" data-aspect-ratio=\"\" data-url=\"https:\/\/bazafirm.grupar3.pl\/?hp_listing=polimer\">\n\t\t\t<a href=\"https:\/\/bazafirm.grupar3.pl\/?hp_listing=polimer\">\n\t\t\t\t\t\t\t<img decoding=\"async\" src=\"https:\/\/bazafirm.grupar3.pl\/wp-content\/uploads\/2024\/09\/ocieplanie-piana-pur-400x300.jpg\" alt=\"Polimer\" loading=\"lazy\">\n\t\t\t\t\t<\/a>\n\t<\/div>\n<\/header><div class=\"hp-listing__content\">\t<div class=\"hp-listing__categories hp-listing__category\">\n\t\t\t\t\t<a href=\"https:\/\/bazafirm.grupar3.pl\/?hp_listing_category=ocieplanie\">Ocieplanie<\/a>\n\t\t\t<\/div>\n\t<h4 class=\"hp-listing__title\"><a href=\"https:\/\/bazafirm.grupar3.pl\/?hp_listing=polimer\">Polimer<\/a>\n\t<i class=\"hp-listing__verified-badge hp-listing__verified hp-icon fas fa-check-circle\" title=\"Zweryfikowano\"><\/i>\n\t<\/h4><div class=\"hp-listing__details hp-listing__details--primary\"><time class=\"hp-listing__created-date hp-listing__date hp-meta\" datetime=\"2024-09-13 11:50:44\">\n\tDodane 2024-09-13<\/time>\n<\/div><div class=\"hp-block hp-listing__attributes hp-listing__attributes--secondary\"><div class=\"hp-row\"><div class=\"hp-col-lg-6 hp-col-xs-12\"><div class=\"hp-listing__attribute hp-listing__attribute--wojewodztwo-woj\"><b>woj:<\/b> Wielkopolskie<\/div><\/div><div class=\"hp-col-lg-6 hp-col-xs-12\"><div class=\"hp-listing__attribute hp-listing__attribute--miasto-miejscowosc\"><b>m:<\/b> Konin<\/div><\/div><div class=\"hp-col-lg-6 hp-col-xs-12\"><div class=\"hp-listing__attribute hp-listing__attribute--dokladny-adres\"><b>ul: <\/b> Jacka Malczewskiego 33<\/div><\/div><div class=\"hp-col-lg-6 hp-col-xs-12\"><div class=\"hp-listing__attribute hp-listing__attribute--powiat\"><b>pow: <\/b> Koni\u0144ski<\/div><\/div><\/div><\/div><\/div><footer class=\"hp-listing__footer\"><div class=\"hp-block hp-listing__attributes hp-listing__attributes--primary\"><div class=\"hp-listing__attribute hp-listing__attribute--telefon\"><i class=\"hp-icon fas fa-fw fa-phone-alt\"><\/i> <span data-component=\"phone\">+48730017051<\/span><\/div><div class=\"hp-listing__attribute hp-listing__attribute--nip\">NIP: 6651467423<\/div><\/div><div class=\"hp-listing__actions hp-listing__actions--primary\"><\/div><\/footer><\/article><\/div><\/div><\/div>\n\n\n<p><\/p>\n","protected":false},"excerpt":{"rendered":"<p>Znajd\u017a firmi\u0119, kt\u00f3rej potrzebujesz. Twoja baza firm R3<\/p>\n","protected":false},"author":1,"featured_media":0,"parent":0,"menu_order":0,"comment_status":"closed","ping_status":"closed","template":"","meta":{"footnotes":""},"class_list":["post-8","page","type-page","status-publish","hentry"],"_links":{"self":[{"href":"https:\/\/bazafirm.grupar3.pl\/index.php?rest_route=\/wp\/v2\/pages\/8","targetHints":{"allow":["GET"]}}],"collection":[{"href":"https:\/\/bazafirm.grupar3.pl\/index.php?rest_route=\/wp\/v2\/pages"}],"about":[{"href":"https:\/\/bazafirm.grupar3.pl\/index.php?rest_route=\/wp\/v2\/types\/page"}],"author":[{"embeddable":true,"href":"https:\/\/bazafirm.grupar3.pl\/index.php?rest_route=\/wp\/v2\/users\/1"}],"replies":[{"embeddable":true,"href":"https:\/\/bazafirm.grupar3.pl\/index.php?rest_route=%2Fwp%2Fv2%2Fcomments&post=8"}],"version-history":[{"count":5,"href":"https:\/\/bazafirm.grupar3.pl\/index.php?rest_route=\/wp\/v2\/pages\/8\/revisions"}],"predecessor-version":[{"id":321,"href":"https:\/\/bazafirm.grupar3.pl\/index.php?rest_route=\/wp\/v2\/pages\/8\/revisions\/321"}],"wp:attachment":[{"href":"https:\/\/bazafirm.grupar3.pl\/index.php?rest_route=%2Fwp%2Fv2%2Fmedia&parent=8"}],"curies":[{"name":"wp","href":"https:\/\/api.w.org\/{rel}","templated":true}]}}